{"id":2083,"date":"2017-05-22T23:32:52","date_gmt":"2017-05-22T23:32:52","guid":{"rendered":"https:\/\/kwconstruction.be\/?page_id=2083"},"modified":"2019-05-10T10:18:43","modified_gmt":"2019-05-10T09:18:43","slug":"maisons","status":"publish","type":"page","link":"https:\/\/kwconstruction.be\/fr\/maisons\/","title":{"rendered":"Innovation"},"content":{"rendered":"\t\t<div data-elementor-type=\"wp-post\" data-elementor-id=\"2083\" class=\"elementor elementor-2083\">\n\t\t\t\t\t\t<section class=\"elementor-section elementor-top-section elementor-element elementor-element-f65de89 elementor-section-boxed elementor-section-height-default elementor-section-height-default\" data-id=\"f65de89\" data-element_type=\"section\">\n\t\t\t\t\t\t<div class=\"elementor-container elementor-column-gap-default\">\n\t\t\t\t\t<div class=\"elementor-column elementor-col-100 elementor-top-column elementor-element elementor-element-00abf59\" data-id=\"00abf59\" data-element_type=\"column\">\n\t\t\t<div class=\"elementor-widget-wrap elementor-element-populated\">\n\t\t\t\t\t\t<div class=\"elementor-element elementor-element-273a77e elementor-widget elementor-widget-heading\" data-id=\"273a77e\" data-element_type=\"widget\" data-widget_type=\"heading.default\">\n\t\t\t\t<div class=\"elementor-widget-container\">\n\t\t\t\t\t<h2 class=\"elementor-heading-title elementor-size-default\">Zero Energy House:<\/h2>\t\t\t\t<\/div>\n\t\t\t\t<\/div>\n\t\t\t\t<div class=\"elementor-element elementor-element-95bdada elementor-widget elementor-widget-text-editor\" data-id=\"95bdada\" data-element_type=\"widget\" data-widget_type=\"text-editor.default\">\n\t\t\t\t<div class=\"elementor-widget-container\">\n\t\t\t\t\t\t\t\t\t<p>Le dernier concept de K&amp;W est la Zero Energy House. Les modules sont livr\u00e9s sur le chantier compl\u00e8tements finis,<\/p>\n<p>avec isolation et les fen\u00eatres install\u00e9es. Une fois sur le chantier il ne faut que 2 jours pour assembler les diff\u00e9rents modules et monter la maison \u00e9tanche. Les maisons Zero Energy ont une isolation sup\u00e9rieure, des fen\u00eatres triples vitrage, et des portes ext\u00e9rieures de haute qualit\u00e9. Le tout en combinaison avec un syst\u00e8me de ventilation de type D, des plus modernes ( contr\u00f4le m\u00e9canique de pulsion et extraction et r\u00e9cup\u00e9ration de chaleur), on obtient des maisons \u00e0 tr\u00e8s basse consommation d&rsquo;\u00e9nergie. Nous livrons nos maisons \u00e9quip\u00e9es d&rsquo;une pompe \u00e0 chaleur, de chauffage au sol, et de panneaux solaires photovolta\u00efques, qui permettent la r\u00e9alisation d&rsquo;une maison Z\u00e9ro Energie.<\/p>\n<p>Pour plus d&rsquo;information voir <a href=\"http:\/\/www.zeroeneryghouse.be\">www.zeroenergyhouse.be<\/a><\/p>\t\t\t\t\t\t\t\t<\/div>\n\t\t\t\t<\/div>\n\t\t\t\t\t<\/div>\n\t\t<\/div>\n\t\t\t\t\t<\/div>\n\t\t<\/section>\n\t\t\t\t<section class=\"elementor-section elementor-top-section elementor-element elementor-element-bcd3e5a elementor-section-boxed elementor-section-height-default elementor-section-height-default\" data-id=\"bcd3e5a\" data-element_type=\"section\">\n\t\t\t\t\t\t<div class=\"elementor-container elementor-column-gap-default\">\n\t\t\t\t\t<div class=\"elementor-column elementor-col-50 elementor-top-column elementor-element elementor-element-5faf7ee\" data-id=\"5faf7ee\" data-element_type=\"column\">\n\t\t\t<div class=\"elementor-widget-wrap elementor-element-populated\">\n\t\t\t\t\t\t<div class=\"elementor-element elementor-element-5372740 elementor-widget elementor-widget-image\" data-id=\"5372740\" data-element_type=\"widget\" data-widget_type=\"image.default\">\n\t\t\t\t<div class=\"elementor-widget-container\">\n\t\t\t\t\t\t\t\t\t\t\t\t\t\t\t<img fetchpriority=\"high\" decoding=\"async\" width=\"730\" height=\"411\" src=\"https:\/\/kwconstruction.be\/wp-content\/uploads\/2019\/05\/Beeld-10-05-2019-11-00-27-1024x576.jpeg\" class=\"attachment-large size-large wp-image-4660\" alt=\"\" srcset=\"https:\/\/kwconstruction.be\/wp-content\/uploads\/2019\/05\/Beeld-10-05-2019-11-00-27-1024x576.jpeg 1024w, https:\/\/kwconstruction.be\/wp-content\/uploads\/2019\/05\/Beeld-10-05-2019-11-00-27-300x169.jpeg 300w, https:\/\/kwconstruction.be\/wp-content\/uploads\/2019\/05\/Beeld-10-05-2019-11-00-27-768x432.jpeg 768w, https:\/\/kwconstruction.be\/wp-content\/uploads\/2019\/05\/Beeld-10-05-2019-11-00-27-730x410.jpeg 730w\" sizes=\"(max-width: 730px) 100vw, 730px\" \/>\t\t\t\t\t\t\t\t\t\t\t\t\t\t\t<\/div>\n\t\t\t\t<\/div>\n\t\t\t\t\t<\/div>\n\t\t<\/div>\n\t\t\t\t<div class=\"elementor-column elementor-col-50 elementor-top-column elementor-element elementor-element-6a1aa5f\" data-id=\"6a1aa5f\" data-element_type=\"column\">\n\t\t\t<div class=\"elementor-widget-wrap elementor-element-populated\">\n\t\t\t\t\t\t<div class=\"elementor-element elementor-element-88aa700 elementor-widget elementor-widget-image\" data-id=\"88aa700\" data-element_type=\"widget\" data-widget_type=\"image.default\">\n\t\t\t\t<div class=\"elementor-widget-container\">\n\t\t\t\t\t\t\t\t\t\t\t\t\t\t\t<img decoding=\"async\" width=\"289\" height=\"200\" src=\"https:\/\/kwconstruction.be\/wp-content\/uploads\/2019\/05\/Zero-Energy-House-logo-green.png\" class=\"attachment-large size-large wp-image-4547\" alt=\"\" \/>\t\t\t\t\t\t\t\t\t\t\t\t\t\t\t<\/div>\n\t\t\t\t<\/div>\n\t\t\t\t\t<\/div>\n\t\t<\/div>\n\t\t\t\t\t<\/div>\n\t\t<\/section>\n\t\t\t\t<\/div>\n\t\t","protected":false},"excerpt":{"rendered":"<p>Zero Energy House: Le dernier concept de K&amp;W est la Zero Energy House. Les modules sont livr\u00e9s sur le chantier compl\u00e8tements finis, avec isolation et les fen\u00eatres install\u00e9es. Une fois sur le chantier il ne faut que 2 jours pour assembler les diff\u00e9rents modules et monter la maison \u00e9tanche. Les maisons Zero Energy ont une [&hellip;]<\/p>\n","protected":false},"author":1,"featured_media":0,"parent":0,"menu_order":2,"comment_status":"closed","ping_status":"closed","template":"elementor_header_footer","meta":{"inline_featured_image":false,"_monsterinsights_skip_tracking":false,"_monsterinsights_sitenote_active":false,"_monsterinsights_sitenote_note":"","_monsterinsights_sitenote_category":0,"footnotes":"","_links_to":"","_links_to_target":""},"yoast_head":"<!-- This site is optimized with the Yoast SEO plugin v24.4 - https:\/\/yoast.com\/wordpress\/plugins\/seo\/ -->\n<title>Innovation - K&amp;W Construction<\/title>\n<meta name=\"robots\" content=\"index, follow, max-snippet:-1, max-image-preview:large, max-video-preview:-1\" \/>\n<link rel=\"canonical\" href=\"https:\/\/kwconstruction.be\/fr\/maisons\/\" \/>\n<meta property=\"og:locale\" content=\"fr_FR\" \/>\n<meta property=\"og:type\" content=\"article\" \/>\n<meta property=\"og:title\" content=\"Innovation - K&amp;W Construction\" \/>\n<meta property=\"og:description\" content=\"Zero Energy House: Le dernier concept de K&amp;W est la Zero Energy House. Les modules sont livr\u00e9s sur le chantier compl\u00e8tements finis, avec isolation et les fen\u00eatres install\u00e9es. Une fois sur le chantier il ne faut que 2 jours pour assembler les diff\u00e9rents modules et monter la maison \u00e9tanche. Les maisons Zero Energy ont une [&hellip;]\" \/>\n<meta property=\"og:url\" content=\"https:\/\/kwconstruction.be\/fr\/maisons\/\" \/>\n<meta property=\"og:site_name\" content=\"K&amp;W Construction\" \/>\n<meta property=\"article:publisher\" content=\"https:\/\/www.facebook.com\/KW-Construction-1697933373801435\/\" \/>\n<meta property=\"article:modified_time\" content=\"2019-05-10T09:18:43+00:00\" \/>\n<meta property=\"og:image\" content=\"https:\/\/kwconstruction.be\/wp-content\/uploads\/2019\/05\/Beeld-10-05-2019-11-00-27-1024x576.jpeg\" \/>\n<meta name=\"twitter:card\" content=\"summary_large_image\" \/>\n<meta name=\"twitter:label1\" content=\"Dur\u00e9e de lecture est.\" \/>\n\t<meta name=\"twitter:data1\" content=\"1 minute\" \/>\n<script type=\"application\/ld+json\" class=\"yoast-schema-graph\">{\"@context\":\"https:\/\/schema.org\",\"@graph\":[{\"@type\":\"WebPage\",\"@id\":\"https:\/\/kwconstruction.be\/fr\/maisons\/\",\"url\":\"https:\/\/kwconstruction.be\/fr\/maisons\/\",\"name\":\"Innovation - K&amp;W Construction\",\"isPartOf\":{\"@id\":\"https:\/\/kwconstruction.be\/fr\/#website\"},\"primaryImageOfPage\":{\"@id\":\"https:\/\/kwconstruction.be\/fr\/maisons\/#primaryimage\"},\"image\":{\"@id\":\"https:\/\/kwconstruction.be\/fr\/maisons\/#primaryimage\"},\"thumbnailUrl\":\"https:\/\/kwconstruction.be\/wp-content\/uploads\/2019\/05\/Beeld-10-05-2019-11-00-27-1024x576.jpeg\",\"datePublished\":\"2017-05-22T23:32:52+00:00\",\"dateModified\":\"2019-05-10T09:18:43+00:00\",\"breadcrumb\":{\"@id\":\"https:\/\/kwconstruction.be\/fr\/maisons\/#breadcrumb\"},\"inLanguage\":\"fr-BE\",\"potentialAction\":[{\"@type\":\"ReadAction\",\"target\":[\"https:\/\/kwconstruction.be\/fr\/maisons\/\"]}]},{\"@type\":\"ImageObject\",\"inLanguage\":\"fr-BE\",\"@id\":\"https:\/\/kwconstruction.be\/fr\/maisons\/#primaryimage\",\"url\":\"https:\/\/kwconstruction.be\/wp-content\/uploads\/2019\/05\/Beeld-10-05-2019-11-00-27-1024x576.jpeg\",\"contentUrl\":\"https:\/\/kwconstruction.be\/wp-content\/uploads\/2019\/05\/Beeld-10-05-2019-11-00-27-1024x576.jpeg\"},{\"@type\":\"BreadcrumbList\",\"@id\":\"https:\/\/kwconstruction.be\/fr\/maisons\/#breadcrumb\",\"itemListElement\":[{\"@type\":\"ListItem\",\"position\":1,\"name\":\"Home\",\"item\":\"https:\/\/kwconstruction.be\/fr\/\"},{\"@type\":\"ListItem\",\"position\":2,\"name\":\"Innovation\"}]},{\"@type\":\"WebSite\",\"@id\":\"https:\/\/kwconstruction.be\/fr\/#website\",\"url\":\"https:\/\/kwconstruction.be\/fr\/\",\"name\":\"K&W Construction\",\"description\":\"Bouwonderneming\",\"publisher\":{\"@id\":\"https:\/\/kwconstruction.be\/fr\/#organization\"},\"potentialAction\":[{\"@type\":\"SearchAction\",\"target\":{\"@type\":\"EntryPoint\",\"urlTemplate\":\"https:\/\/kwconstruction.be\/fr\/?s={search_term_string}\"},\"query-input\":{\"@type\":\"PropertyValueSpecification\",\"valueRequired\":true,\"valueName\":\"search_term_string\"}}],\"inLanguage\":\"fr-BE\"},{\"@type\":\"Organization\",\"@id\":\"https:\/\/kwconstruction.be\/fr\/#organization\",\"name\":\"K&W Construction\",\"url\":\"https:\/\/kwconstruction.be\/fr\/\",\"logo\":{\"@type\":\"ImageObject\",\"inLanguage\":\"fr-BE\",\"@id\":\"https:\/\/kwconstruction.be\/fr\/#\/schema\/logo\/image\/\",\"url\":\"https:\/\/kwconstruction.be\/wp-content\/uploads\/2019\/01\/KW_logo.png\",\"contentUrl\":\"https:\/\/kwconstruction.be\/wp-content\/uploads\/2019\/01\/KW_logo.png\",\"width\":1200,\"height\":758,\"caption\":\"K&W Construction\"},\"image\":{\"@id\":\"https:\/\/kwconstruction.be\/fr\/#\/schema\/logo\/image\/\"},\"sameAs\":[\"https:\/\/www.facebook.com\/KW-Construction-1697933373801435\/\",\"https:\/\/www.linkedin.com\/company\/kwconstruction-nv\/\",\"https:\/\/www.youtube.com\/channel\/UCHxiVGvv7VdBQJ4NTgpOhdQ\"]}]}<\/script>\n<!-- \/ Yoast SEO plugin. -->","yoast_head_json":{"title":"Innovation - K&amp;W Construction","robots":{"index":"index","follow":"follow","max-snippet":"max-snippet:-1","max-image-preview":"max-image-preview:large","max-video-preview":"max-video-preview:-1"},"canonical":"https:\/\/kwconstruction.be\/fr\/maisons\/","og_locale":"fr_FR","og_type":"article","og_title":"Innovation - K&amp;W Construction","og_description":"Zero Energy House: Le dernier concept de K&amp;W est la Zero Energy House. Les modules sont livr\u00e9s sur le chantier compl\u00e8tements finis, avec isolation et les fen\u00eatres install\u00e9es. Une fois sur le chantier il ne faut que 2 jours pour assembler les diff\u00e9rents modules et monter la maison \u00e9tanche. Les maisons Zero Energy ont une [&hellip;]","og_url":"https:\/\/kwconstruction.be\/fr\/maisons\/","og_site_name":"K&amp;W Construction","article_publisher":"https:\/\/www.facebook.com\/KW-Construction-1697933373801435\/","article_modified_time":"2019-05-10T09:18:43+00:00","og_image":[{"url":"https:\/\/kwconstruction.be\/wp-content\/uploads\/2019\/05\/Beeld-10-05-2019-11-00-27-1024x576.jpeg","type":"","width":"","height":""}],"twitter_card":"summary_large_image","twitter_misc":{"Dur\u00e9e de lecture est.":"1 minute"},"schema":{"@context":"https:\/\/schema.org","@graph":[{"@type":"WebPage","@id":"https:\/\/kwconstruction.be\/fr\/maisons\/","url":"https:\/\/kwconstruction.be\/fr\/maisons\/","name":"Innovation - K&amp;W Construction","isPartOf":{"@id":"https:\/\/kwconstruction.be\/fr\/#website"},"primaryImageOfPage":{"@id":"https:\/\/kwconstruction.be\/fr\/maisons\/#primaryimage"},"image":{"@id":"https:\/\/kwconstruction.be\/fr\/maisons\/#primaryimage"},"thumbnailUrl":"https:\/\/kwconstruction.be\/wp-content\/uploads\/2019\/05\/Beeld-10-05-2019-11-00-27-1024x576.jpeg","datePublished":"2017-05-22T23:32:52+00:00","dateModified":"2019-05-10T09:18:43+00:00","breadcrumb":{"@id":"https:\/\/kwconstruction.be\/fr\/maisons\/#breadcrumb"},"inLanguage":"fr-BE","potentialAction":[{"@type":"ReadAction","target":["https:\/\/kwconstruction.be\/fr\/maisons\/"]}]},{"@type":"ImageObject","inLanguage":"fr-BE","@id":"https:\/\/kwconstruction.be\/fr\/maisons\/#primaryimage","url":"https:\/\/kwconstruction.be\/wp-content\/uploads\/2019\/05\/Beeld-10-05-2019-11-00-27-1024x576.jpeg","contentUrl":"https:\/\/kwconstruction.be\/wp-content\/uploads\/2019\/05\/Beeld-10-05-2019-11-00-27-1024x576.jpeg"},{"@type":"BreadcrumbList","@id":"https:\/\/kwconstruction.be\/fr\/maisons\/#breadcrumb","itemListElement":[{"@type":"ListItem","position":1,"name":"Home","item":"https:\/\/kwconstruction.be\/fr\/"},{"@type":"ListItem","position":2,"name":"Innovation"}]},{"@type":"WebSite","@id":"https:\/\/kwconstruction.be\/fr\/#website","url":"https:\/\/kwconstruction.be\/fr\/","name":"K&W Construction","description":"Bouwonderneming","publisher":{"@id":"https:\/\/kwconstruction.be\/fr\/#organization"},"potentialAction":[{"@type":"SearchAction","target":{"@type":"EntryPoint","urlTemplate":"https:\/\/kwconstruction.be\/fr\/?s={search_term_string}"},"query-input":{"@type":"PropertyValueSpecification","valueRequired":true,"valueName":"search_term_string"}}],"inLanguage":"fr-BE"},{"@type":"Organization","@id":"https:\/\/kwconstruction.be\/fr\/#organization","name":"K&W Construction","url":"https:\/\/kwconstruction.be\/fr\/","logo":{"@type":"ImageObject","inLanguage":"fr-BE","@id":"https:\/\/kwconstruction.be\/fr\/#\/schema\/logo\/image\/","url":"https:\/\/kwconstruction.be\/wp-content\/uploads\/2019\/01\/KW_logo.png","contentUrl":"https:\/\/kwconstruction.be\/wp-content\/uploads\/2019\/01\/KW_logo.png","width":1200,"height":758,"caption":"K&W Construction"},"image":{"@id":"https:\/\/kwconstruction.be\/fr\/#\/schema\/logo\/image\/"},"sameAs":["https:\/\/www.facebook.com\/KW-Construction-1697933373801435\/","https:\/\/www.linkedin.com\/company\/kwconstruction-nv\/","https:\/\/www.youtube.com\/channel\/UCHxiVGvv7VdBQJ4NTgpOhdQ"]}]}},"_links":{"self":[{"href":"https:\/\/kwconstruction.be\/fr\/wp-json\/wp\/v2\/pages\/2083"}],"collection":[{"href":"https:\/\/kwconstruction.be\/fr\/wp-json\/wp\/v2\/pages"}],"about":[{"href":"https:\/\/kwconstruction.be\/fr\/wp-json\/wp\/v2\/types\/page"}],"author":[{"embeddable":true,"href":"https:\/\/kwconstruction.be\/fr\/wp-json\/wp\/v2\/users\/1"}],"replies":[{"embeddable":true,"href":"https:\/\/kwconstruction.be\/fr\/wp-json\/wp\/v2\/comments?post=2083"}],"version-history":[{"count":22,"href":"https:\/\/kwconstruction.be\/fr\/wp-json\/wp\/v2\/pages\/2083\/revisions"}],"predecessor-version":[{"id":4674,"href":"https:\/\/kwconstruction.be\/fr\/wp-json\/wp\/v2\/pages\/2083\/revisions\/4674"}],"wp:attachment":[{"href":"https:\/\/kwconstruction.be\/fr\/wp-json\/wp\/v2\/media?parent=2083"}],"curies":[{"name":"wp","href":"https:\/\/api.w.org\/{rel}","templated":true}]}}