{"id":2095,"date":"2017-05-22T23:36:26","date_gmt":"2017-05-22T23:36:26","guid":{"rendered":"https:\/\/kwconstruction.be\/?page_id=2095"},"modified":"2018-05-25T12:12:06","modified_gmt":"2018-05-25T12:12:06","slug":"contact","status":"publish","type":"page","link":"https:\/\/kwconstruction.be\/fr\/contact\/","title":{"rendered":"Contact"},"content":{"rendered":"<h2>Contactez nous<\/h2>\n<p>Pour tous renseignements, merci de compl\u00e8ter le formulaire. Nous vous r\u00e9pondrons dans les plus brefs d\u00e9lais<\/p>\n<div class=\"caldera-grid\" id=\"caldera_form_1\" data-cf-ver=\"1.9.6\" data-cf-form-id=\"CF59259dd52478c\"><div id=\"caldera_notices_1\" data-spinner=\"https:\/\/kwconstruction.be\/wp-admin\/images\/spinner.gif\"><\/div><form data-instance=\"1\" class=\"CF59259dd52478c caldera_forms_form cfajax-trigger\" method=\"POST\" enctype=\"multipart\/form-data\" id=\"CF59259dd52478c_1\" data-form-id=\"CF59259dd52478c\" aria-label=\"Contact\" data-target=\"#caldera_notices_1\" data-template=\"#cfajax_CF59259dd52478c-tmpl\" data-cfajax=\"CF59259dd52478c\" data-load-element=\"_parent\" data-load-class=\"cf_processing\" data-post-disable=\"0\" data-action=\"cf_process_ajax_submit\" data-request=\"https:\/\/kwconstruction.be\/fr\/\/cf-api\/CF59259dd52478c?cf_lang=fr\" data-hiderows=\"true\">\r\n<input type=\"hidden\" id=\"_cf_verify_CF59259dd52478c\" name=\"_cf_verify\" value=\"032750fdda\"  data-nonce-time=\"1777432402\" \/><input type=\"hidden\" name=\"_wp_http_referer\" value=\"\/fr\/wp-json\/wp\/v2\/pages\/2095\" \/><div id=\"cf2-CF59259dd52478c_1\"><\/div><input type=\"hidden\" name=\"_cf_frm_id\" value=\"CF59259dd52478c\">\r\n<input type=\"hidden\" name=\"_cf_frm_ct\" value=\"1\">\r\n<input type=\"hidden\" name=\"cfajax\" value=\"CF59259dd52478c\">\r\n<input type=\"hidden\" name=\"_cf_cr_pst\" value=\"2095\">\r\n<div class=\"hide\" style=\"display:none; overflow:hidden;height:0;width:0;\">\r\n<label>Phone<\/label><input type=\"text\" name=\"phone\" value=\"\" autocomplete=\"off\">\r\n<\/div><div id=\"CF59259dd52478c_1-row-1\"  class=\"row  first_row\"><div  class=\"col-sm-12  single\"><\/div><\/div><div id=\"CF59259dd52478c_1-row-2\"  class=\"row \"><div  class=\"col-sm-4  first_col\"><div data-field-wrapper=\"fld_8768091\" class=\"form-group\" id=\"fld_8768091_1-wrap\">\r\n\t<label id=\"fld_8768091Label\" for=\"fld_8768091_1\" class=\"control-label\">Pr\u00e9nom <span aria-hidden=\"true\" role=\"presentation\" class=\"field_required\" style=\"color:#ee0000;\">*<\/span><\/label>\r\n\t<div class=\"\">\r\n\t\t<input   required type=\"text\" data-field=\"fld_8768091\" class=\" form-control\" id=\"fld_8768091_1\" name=\"fld_8768091\" value=\"\" data-type=\"text\" aria-required=\"true\"   aria-labelledby=\"fld_8768091Label\" >\t\t\t<\/div>\r\n<\/div>\r\n<div data-field-wrapper=\"fld_9970286\" class=\"form-group\" id=\"fld_9970286_1-wrap\">\r\n\t<label id=\"fld_9970286Label\" for=\"fld_9970286_1\" class=\"control-label\">Nom <span aria-hidden=\"true\" role=\"presentation\" class=\"field_required\" style=\"color:#ee0000;\">*<\/span><\/label>\r\n\t<div class=\"\">\r\n\t\t<input   required type=\"text\" data-field=\"fld_9970286\" class=\" form-control\" id=\"fld_9970286_1\" name=\"fld_9970286\" value=\"\" data-type=\"text\" aria-required=\"true\"   aria-labelledby=\"fld_9970286Label\" >\t\t\t<\/div>\r\n<\/div>\r\n<\/div><div  class=\"col-sm-4 \"><div data-field-wrapper=\"fld_6009157\" class=\"form-group\" id=\"fld_6009157_1-wrap\">\r\n\t<label id=\"fld_6009157Label\" for=\"fld_6009157_1\" class=\"control-label\">Email <span aria-hidden=\"true\" role=\"presentation\" class=\"field_required\" style=\"color:#ee0000;\">*<\/span><\/label>\r\n\t<div class=\"\">\r\n\t\t<input   required type=\"email\" data-field=\"fld_6009157\" class=\" form-control\" id=\"fld_6009157_1\" name=\"fld_6009157\" value=\"\" data-type=\"email\" aria-required=\"true\"   aria-labelledby=\"fld_6009157Label\" >\t\t\t<\/div>\r\n<\/div>\r\n<div data-field-wrapper=\"fld_776212\" class=\"form-group\" id=\"fld_776212_1-wrap\">\r\n\t<label id=\"fld_776212Label\" for=\"fld_776212_1\" class=\"control-label\">Num\u00e9ro de t\u00e9l\u00e9phone <span aria-hidden=\"true\" role=\"presentation\" class=\"field_required\" style=\"color:#ee0000;\">*<\/span><\/label>\r\n\t<div class=\"\">\r\n\t\t<input  data-inputmask=\"'mask': '+99 999 99 99 99'\"  required type=\"phone\" data-field=\"fld_776212\" class=\" form-control\" id=\"fld_776212_1\" name=\"fld_776212\" value=\"\" data-type=\"phone\" aria-required=\"true\"   aria-labelledby=\"fld_776212Label\" >\t\t\t<\/div>\r\n<\/div>\r\n<\/div><div  class=\"col-sm-4  last_col\"><\/div><\/div><div id=\"CF59259dd52478c_1-row-3\"  class=\"row \"><div  class=\"col-sm-12  single\"><div data-field-wrapper=\"fld_7683514\" class=\"form-group\" id=\"fld_7683514_1-wrap\">\r\n\t<label id=\"fld_7683514Label\" for=\"fld_7683514_1\" class=\"control-label\">Message <span aria-hidden=\"true\" role=\"presentation\" class=\"field_required\" style=\"color:#ee0000;\">*<\/span><\/label>\r\n\t<div class=\"\">\r\n\t\t<textarea name=\"fld_7683514\" value=\"\" data-field=\"fld_7683514\" class=\"form-control\" id=\"fld_7683514_1\" rows=\"7\"  required=\"required\"  aria-labelledby=\"fld_7683514Label\" ><\/textarea>\n\t\t\t<\/div>\r\n<\/div>\r\n<\/div><\/div><div id=\"CF59259dd52478c_1-row-4\"  class=\"row  last_row\"><div  class=\"col-sm-12  single\"><div data-field-wrapper=\"fld_7908577\" class=\"form-group\" id=\"fld_7908577_1-wrap\">\r\n<div class=\"\">\r\n\t<input  class=\"btn btn-default\" type=\"submit\" name=\"fld_7908577\" id=\"fld_7908577_1\" value=\"Envoyer\" data-field=\"fld_7908577\"  >\n<\/div>\r\n<\/div>\r\n\t<input class=\"button_trigger_1\" type=\"hidden\" name=\"fld_7908577\" id=\"fld_7908577_1_btn\" value=\"\" data-field=\"fld_7908577\"  \/>\n<\/div><\/div><\/form>\r\n<\/div>\r\n\n<p><a href=\"https:\/\/kwconstruction.be\/wp-content\/uploads\/2018\/05\/20180508-Conditions-d\u2019utilisation-du-site-et-note-dinformation-de-protection-des-donn\u00e9es.pdf\">Conditions d\u2019utilisation du site et note d&rsquo;information de protection des donn\u00e9es<\/a><\/p>\n","protected":false},"excerpt":{"rendered":"<p>Contactez nous Pour tous renseignements, merci de compl\u00e8ter le formulaire. Nous vous r\u00e9pondrons dans les plus brefs d\u00e9lais Conditions d\u2019utilisation du site et note d&rsquo;information de protection des donn\u00e9es<\/p>\n","protected":false},"author":1,"featured_media":0,"parent":0,"menu_order":5,"comment_status":"closed","ping_status":"closed","template":"","meta":{"inline_featured_image":false,"_monsterinsights_skip_tracking":false,"_monsterinsights_sitenote_active":false,"_monsterinsights_sitenote_note":"","_monsterinsights_sitenote_category":0,"footnotes":"","_links_to":"","_links_to_target":""},"yoast_head":"<!-- This site is optimized with the Yoast SEO plugin v24.4 - https:\/\/yoast.com\/wordpress\/plugins\/seo\/ -->\n<title>Contact - K&amp;W Construction<\/title>\n<meta name=\"robots\" content=\"index, follow, max-snippet:-1, max-image-preview:large, max-video-preview:-1\" \/>\n<link rel=\"canonical\" href=\"https:\/\/kwconstruction.be\/fr\/contact\/\" \/>\n<meta property=\"og:locale\" content=\"fr_FR\" \/>\n<meta property=\"og:type\" content=\"article\" \/>\n<meta property=\"og:title\" content=\"Contact - K&amp;W Construction\" \/>\n<meta property=\"og:description\" content=\"Contactez nous Pour tous renseignements, merci de compl\u00e8ter le formulaire. Nous vous r\u00e9pondrons dans les plus brefs d\u00e9lais Conditions d\u2019utilisation du site et note d&rsquo;information de protection des donn\u00e9es\" \/>\n<meta property=\"og:url\" content=\"https:\/\/kwconstruction.be\/fr\/contact\/\" \/>\n<meta property=\"og:site_name\" content=\"K&amp;W Construction\" \/>\n<meta property=\"article:publisher\" content=\"https:\/\/www.facebook.com\/KW-Construction-1697933373801435\/\" \/>\n<meta property=\"article:modified_time\" content=\"2018-05-25T12:12:06+00:00\" \/>\n<meta property=\"og:image\" content=\"https:\/\/kwconstruction.be\/wp-content\/uploads\/2023\/07\/DJI_0021-scaled.jpg\" \/>\n\t<meta property=\"og:image:width\" content=\"2560\" \/>\n\t<meta property=\"og:image:height\" content=\"1440\" \/>\n\t<meta property=\"og:image:type\" content=\"image\/jpeg\" \/>\n<meta name=\"twitter:card\" content=\"summary_large_image\" \/>\n<script type=\"application\/ld+json\" class=\"yoast-schema-graph\">{\"@context\":\"https:\/\/schema.org\",\"@graph\":[{\"@type\":\"WebPage\",\"@id\":\"https:\/\/kwconstruction.be\/fr\/contact\/\",\"url\":\"https:\/\/kwconstruction.be\/fr\/contact\/\",\"name\":\"Contact - K&amp;W Construction\",\"isPartOf\":{\"@id\":\"https:\/\/kwconstruction.be\/fr\/#website\"},\"datePublished\":\"2017-05-22T23:36:26+00:00\",\"dateModified\":\"2018-05-25T12:12:06+00:00\",\"breadcrumb\":{\"@id\":\"https:\/\/kwconstruction.be\/fr\/contact\/#breadcrumb\"},\"inLanguage\":\"fr-BE\",\"potentialAction\":[{\"@type\":\"ReadAction\",\"target\":[\"https:\/\/kwconstruction.be\/fr\/contact\/\"]}]},{\"@type\":\"BreadcrumbList\",\"@id\":\"https:\/\/kwconstruction.be\/fr\/contact\/#breadcrumb\",\"itemListElement\":[{\"@type\":\"ListItem\",\"position\":1,\"name\":\"Home\",\"item\":\"https:\/\/kwconstruction.be\/fr\/\"},{\"@type\":\"ListItem\",\"position\":2,\"name\":\"Contact\"}]},{\"@type\":\"WebSite\",\"@id\":\"https:\/\/kwconstruction.be\/fr\/#website\",\"url\":\"https:\/\/kwconstruction.be\/fr\/\",\"name\":\"K&W Construction\",\"description\":\"Bouwonderneming\",\"publisher\":{\"@id\":\"https:\/\/kwconstruction.be\/fr\/#organization\"},\"potentialAction\":[{\"@type\":\"SearchAction\",\"target\":{\"@type\":\"EntryPoint\",\"urlTemplate\":\"https:\/\/kwconstruction.be\/fr\/?s={search_term_string}\"},\"query-input\":{\"@type\":\"PropertyValueSpecification\",\"valueRequired\":true,\"valueName\":\"search_term_string\"}}],\"inLanguage\":\"fr-BE\"},{\"@type\":\"Organization\",\"@id\":\"https:\/\/kwconstruction.be\/fr\/#organization\",\"name\":\"K&W Construction\",\"url\":\"https:\/\/kwconstruction.be\/fr\/\",\"logo\":{\"@type\":\"ImageObject\",\"inLanguage\":\"fr-BE\",\"@id\":\"https:\/\/kwconstruction.be\/fr\/#\/schema\/logo\/image\/\",\"url\":\"https:\/\/kwconstruction.be\/wp-content\/uploads\/2019\/01\/KW_logo.png\",\"contentUrl\":\"https:\/\/kwconstruction.be\/wp-content\/uploads\/2019\/01\/KW_logo.png\",\"width\":1200,\"height\":758,\"caption\":\"K&W Construction\"},\"image\":{\"@id\":\"https:\/\/kwconstruction.be\/fr\/#\/schema\/logo\/image\/\"},\"sameAs\":[\"https:\/\/www.facebook.com\/KW-Construction-1697933373801435\/\",\"https:\/\/www.linkedin.com\/company\/kwconstruction-nv\/\",\"https:\/\/www.youtube.com\/channel\/UCHxiVGvv7VdBQJ4NTgpOhdQ\"]}]}<\/script>\n<!-- \/ Yoast SEO plugin. -->","yoast_head_json":{"title":"Contact - K&amp;W Construction","robots":{"index":"index","follow":"follow","max-snippet":"max-snippet:-1","max-image-preview":"max-image-preview:large","max-video-preview":"max-video-preview:-1"},"canonical":"https:\/\/kwconstruction.be\/fr\/contact\/","og_locale":"fr_FR","og_type":"article","og_title":"Contact - K&amp;W Construction","og_description":"Contactez nous Pour tous renseignements, merci de compl\u00e8ter le formulaire. Nous vous r\u00e9pondrons dans les plus brefs d\u00e9lais Conditions d\u2019utilisation du site et note d&rsquo;information de protection des donn\u00e9es","og_url":"https:\/\/kwconstruction.be\/fr\/contact\/","og_site_name":"K&amp;W Construction","article_publisher":"https:\/\/www.facebook.com\/KW-Construction-1697933373801435\/","article_modified_time":"2018-05-25T12:12:06+00:00","og_image":[{"width":2560,"height":1440,"url":"https:\/\/kwconstruction.be\/wp-content\/uploads\/2023\/07\/DJI_0021-scaled.jpg","type":"image\/jpeg"}],"twitter_card":"summary_large_image","schema":{"@context":"https:\/\/schema.org","@graph":[{"@type":"WebPage","@id":"https:\/\/kwconstruction.be\/fr\/contact\/","url":"https:\/\/kwconstruction.be\/fr\/contact\/","name":"Contact - K&amp;W Construction","isPartOf":{"@id":"https:\/\/kwconstruction.be\/fr\/#website"},"datePublished":"2017-05-22T23:36:26+00:00","dateModified":"2018-05-25T12:12:06+00:00","breadcrumb":{"@id":"https:\/\/kwconstruction.be\/fr\/contact\/#breadcrumb"},"inLanguage":"fr-BE","potentialAction":[{"@type":"ReadAction","target":["https:\/\/kwconstruction.be\/fr\/contact\/"]}]},{"@type":"BreadcrumbList","@id":"https:\/\/kwconstruction.be\/fr\/contact\/#breadcrumb","itemListElement":[{"@type":"ListItem","position":1,"name":"Home","item":"https:\/\/kwconstruction.be\/fr\/"},{"@type":"ListItem","position":2,"name":"Contact"}]},{"@type":"WebSite","@id":"https:\/\/kwconstruction.be\/fr\/#website","url":"https:\/\/kwconstruction.be\/fr\/","name":"K&W Construction","description":"Bouwonderneming","publisher":{"@id":"https:\/\/kwconstruction.be\/fr\/#organization"},"potentialAction":[{"@type":"SearchAction","target":{"@type":"EntryPoint","urlTemplate":"https:\/\/kwconstruction.be\/fr\/?s={search_term_string}"},"query-input":{"@type":"PropertyValueSpecification","valueRequired":true,"valueName":"search_term_string"}}],"inLanguage":"fr-BE"},{"@type":"Organization","@id":"https:\/\/kwconstruction.be\/fr\/#organization","name":"K&W Construction","url":"https:\/\/kwconstruction.be\/fr\/","logo":{"@type":"ImageObject","inLanguage":"fr-BE","@id":"https:\/\/kwconstruction.be\/fr\/#\/schema\/logo\/image\/","url":"https:\/\/kwconstruction.be\/wp-content\/uploads\/2019\/01\/KW_logo.png","contentUrl":"https:\/\/kwconstruction.be\/wp-content\/uploads\/2019\/01\/KW_logo.png","width":1200,"height":758,"caption":"K&W Construction"},"image":{"@id":"https:\/\/kwconstruction.be\/fr\/#\/schema\/logo\/image\/"},"sameAs":["https:\/\/www.facebook.com\/KW-Construction-1697933373801435\/","https:\/\/www.linkedin.com\/company\/kwconstruction-nv\/","https:\/\/www.youtube.com\/channel\/UCHxiVGvv7VdBQJ4NTgpOhdQ"]}]}},"_links":{"self":[{"href":"https:\/\/kwconstruction.be\/fr\/wp-json\/wp\/v2\/pages\/2095"}],"collection":[{"href":"https:\/\/kwconstruction.be\/fr\/wp-json\/wp\/v2\/pages"}],"about":[{"href":"https:\/\/kwconstruction.be\/fr\/wp-json\/wp\/v2\/types\/page"}],"author":[{"embeddable":true,"href":"https:\/\/kwconstruction.be\/fr\/wp-json\/wp\/v2\/users\/1"}],"replies":[{"embeddable":true,"href":"https:\/\/kwconstruction.be\/fr\/wp-json\/wp\/v2\/comments?post=2095"}],"version-history":[{"count":4,"href":"https:\/\/kwconstruction.be\/fr\/wp-json\/wp\/v2\/pages\/2095\/revisions"}],"predecessor-version":[{"id":2685,"href":"https:\/\/kwconstruction.be\/fr\/wp-json\/wp\/v2\/pages\/2095\/revisions\/2685"}],"wp:attachment":[{"href":"https:\/\/kwconstruction.be\/fr\/wp-json\/wp\/v2\/media?parent=2095"}],"curies":[{"name":"wp","href":"https:\/\/api.w.org\/{rel}","templated":true}]}}