{"id":7855,"date":"2023-07-14T09:34:33","date_gmt":"2023-07-14T08:34:33","guid":{"rendered":"https:\/\/kwconstruction.be\/?page_id=7855"},"modified":"2023-09-12T14:20:41","modified_gmt":"2023-09-12T13:20:41","slug":"projectontwikkeling-gent","status":"publish","type":"page","link":"https:\/\/kwconstruction.be\/fr\/projectontwikkeling-gent\/","title":{"rendered":"Projectontwikkeling Gent"},"content":{"rendered":"\t\t<div data-elementor-type=\"wp-page\" data-elementor-id=\"7855\" class=\"elementor elementor-7855\">\n\t\t\t\t\t\t<section class=\"elementor-section elementor-top-section elementor-element elementor-element-ed382da elementor-section-boxed elementor-section-height-default elementor-section-height-default\" data-id=\"ed382da\" data-element_type=\"section\">\n\t\t\t\t\t\t<div class=\"elementor-container elementor-column-gap-default\">\n\t\t\t\t\t<div class=\"elementor-column elementor-col-100 elementor-top-column elementor-element elementor-element-1b6db40\" data-id=\"1b6db40\" data-element_type=\"column\">\n\t\t\t<div class=\"elementor-widget-wrap elementor-element-populated\">\n\t\t\t\t\t\t<div class=\"elementor-element elementor-element-21e9ecd elementor-widget elementor-widget-text-editor\" data-id=\"21e9ecd\" data-element_type=\"widget\" data-widget_type=\"text-editor.default\">\n\t\t\t\t<div class=\"elementor-widget-container\">\n\t\t\t\t\t\t\t\t\t\n<div class=\"wp-block-columns is-layout-flex wp-container-core-columns-is-layout-3 wp-block-columns-is-layout-flex\">\n<div class=\"wp-block-column is-vertically-aligned-center is-layout-flow wp-block-column-is-layout-flow\">\n<p>\u2714 Projecten in eigen promotie<\/p>\n<\/div>\n\n\n<div class=\"wp-block-column is-layout-flow wp-block-column-is-layout-flow\">\n<p>\u2714 Ruwbouw \u00e9n volledige afwerking<\/p>\n<\/div>\n\n\n<div class=\"wp-block-column is-layout-flow wp-block-column-is-layout-flow\">\n<p>\u2714 Milieubewust beleid<\/p>\n<\/div>\n<\/div>\n\n\n<div class=\"wp-block-columns is-layout-flex wp-container-core-columns-is-layout-4 wp-block-columns-is-layout-flex\">\n<div class=\"wp-block-column is-layout-flow wp-block-column-is-layout-flow\">\n<p class=\"has-text-align-left\">Bent u op zoek naar een specialist in projectontwikkeling in Gent of elders in Oost-Vlaanderen? Dan kunt u rekenen op het team van K &amp; W Construction, gevestigd in Wortegem-Petegem. Wij beschikken over een team van meer dan 50 mensen om zo projecten in heel Vlaanderen tot een goed einde te brengen.<\/p>\n\n\n<div class=\"tpcta\">Vragen over uw toekomstig project?\n\n<p><a href=\"\/?page_id=2154\">Contact opnemen<\/a><\/p>\n<\/div>\n<style>\n.tpcta {\n    background: #c4312d;\n    text-align: center;\n    color: white;\n    border-radius: 2px;\n    font-size: 19px;\n    padding: 10px;\nmargin-bottom: 15px;\n}\n\n.tpcta a {\n    background: white;\n    border-radius: 2px;\n    padding: 5px 20px;\n}\n\n.tpcta p {\n    margin-top: 10px;\n}<\/style>\n <\/div>\n\n\n<div class=\"wp-block-column is-layout-flow wp-block-column-is-layout-flow\">\n<figure class=\"wp-block-image size-large\"><img fetchpriority=\"high\" decoding=\"async\" width=\"1024\" height=\"576\" class=\"wp-image-6865\" src=\"https:\/\/kwconstruction.be\/wp-content\/uploads\/2017\/09\/Beeld-30-05-2022-10-19-57-1-1024x576.jpeg\" alt=\"Aannemer Gent\" srcset=\"https:\/\/kwconstruction.be\/wp-content\/uploads\/2017\/09\/Beeld-30-05-2022-10-19-57-1-1024x576.jpeg 1024w, https:\/\/kwconstruction.be\/wp-content\/uploads\/2017\/09\/Beeld-30-05-2022-10-19-57-1-300x169.jpeg 300w, https:\/\/kwconstruction.be\/wp-content\/uploads\/2017\/09\/Beeld-30-05-2022-10-19-57-1-768x432.jpeg 768w, https:\/\/kwconstruction.be\/wp-content\/uploads\/2017\/09\/Beeld-30-05-2022-10-19-57-1-1536x864.jpeg 1536w, https:\/\/kwconstruction.be\/wp-content\/uploads\/2017\/09\/Beeld-30-05-2022-10-19-57-1-2048x1152.jpeg 2048w, https:\/\/kwconstruction.be\/wp-content\/uploads\/2017\/09\/Beeld-30-05-2022-10-19-57-1-730x410.jpeg 730w\" sizes=\"(max-width: 1024px) 100vw, 1024px\" \/><\/figure>\n<\/div>\n<\/div>\n\n\n<h2 class=\"wp-block-heading\">Een vlotte projectontwikkeling <\/h2>\n\n\n<p>Doordat we over een uitgebreid team met een brede expertise beschikken, kunt u er zeker van zijn dat de projectontwikkeling uitermate vlot verloopt. U schakelt <a href=\"https:\/\/kwconstruction.be\/aannemer-gent\/\">onze aannemer<\/a> in voor nieuwbouwprojecten die we op ons nemen vanaf de ruwbouw tot de uiteindelijke afwerking. Alles rond de afwerking gebeurt natuurlijk in overleg met de aankoper en de werfleider. We staan voor een vlotte communicatie en een goede samenwerking. We hebben projecten in eigen promotie, maar voeren ook projectontwikkeling uit voor externe opdrachtgevers. We zijn bovendien steeds op zoek naar nieuwe collega&rsquo;s die ons team komen versterken. Heeft u ervaring met projectontwikkeling en ziet u zich werken voor <a href=\"https:\/\/kwconstruction.be\/\">ons dynamische bouwbedrijf<\/a>? Bekijk dan zeker onze openstaande vacatures, zoals:<\/p>\n<ul>\n<li><a href=\"https:\/\/kwconstruction.be\/vacature-werfleider-west-vlaanderen\/\">Vacature voor werfleider in West-Vlaanderen<\/a><\/li>\n<li><a href=\"https:\/\/kwconstruction.be\/jobs\/ploegbaas\/\">Vacature voor ploegbaas in Oost-Vlaanderen<\/a><\/li>\n<li><a href=\"https:\/\/kwconstruction.be\/jobs\/bekister\/\">Vacature voor bekister<\/a><\/li>\n<li><a href=\"https:\/\/kwconstruction.be\/vacature-bouw-west-vlaanderen\/\">Vacature voor de bouw in West-Vlaanderen<\/a><\/li>\n<\/ul> <\/p>\n\n\n<h3 class=\"wp-block-heading\">Ga een samenwerking aan<\/h3>\n\n\n<p>Wilt u graag samenwerken met ons op vlak van projectontwikkeling of wilt u ons team versterken? Neem dan zeker contact met ons op. Dat kan door te bellen naar het nummer <a href=\"tel:0032055457973\">+32(0)55 45 79 73<\/a> of door <a href=\"https:\/\/kwconstruction.be\/contact-nl\/\">het contactformulier<\/a> in te vullen. Wij kijken er alvast naar uit om met u in gesprek te gaan.<\/p>\n\n\n<h3 class=\"wp-block-heading\">Neem contact met ons op<\/h3>\n\n\n<p><div class=\"caldera-grid\" id=\"caldera_form_1\" data-cf-ver=\"1.9.6\" data-cf-form-id=\"CF59259dd52478c\"><div id=\"caldera_notices_1\" data-spinner=\"https:\/\/kwconstruction.be\/wp-admin\/images\/spinner.gif\"><\/div><form data-instance=\"1\" class=\"CF59259dd52478c caldera_forms_form cfajax-trigger\" method=\"POST\" enctype=\"multipart\/form-data\" id=\"CF59259dd52478c_1\" data-form-id=\"CF59259dd52478c\" aria-label=\"Contact\" data-target=\"#caldera_notices_1\" data-template=\"#cfajax_CF59259dd52478c-tmpl\" data-cfajax=\"CF59259dd52478c\" data-load-element=\"_parent\" data-load-class=\"cf_processing\" data-post-disable=\"0\" data-action=\"cf_process_ajax_submit\" data-request=\"https:\/\/kwconstruction.be\/fr\/\/cf-api\/CF59259dd52478c?cf_lang=fr\" data-hiderows=\"true\">\r\n<input type=\"hidden\" id=\"_cf_verify_CF59259dd52478c\" name=\"_cf_verify\" value=\"554d627353\"  data-nonce-time=\"1777477934\" \/><input type=\"hidden\" name=\"_wp_http_referer\" value=\"\/fr\/wp-json\/wp\/v2\/pages\/7855\" \/><div id=\"cf2-CF59259dd52478c_1\"><\/div><input type=\"hidden\" name=\"_cf_frm_id\" value=\"CF59259dd52478c\">\r\n<input type=\"hidden\" name=\"_cf_frm_ct\" value=\"1\">\r\n<input type=\"hidden\" name=\"cfajax\" value=\"CF59259dd52478c\">\r\n<input type=\"hidden\" name=\"_cf_cr_pst\" value=\"7855\">\r\n<div class=\"hide\" style=\"display:none; overflow:hidden;height:0;width:0;\">\r\n<label>Phone<\/label><input type=\"text\" name=\"phone\" value=\"\" autocomplete=\"off\">\r\n<\/div><div id=\"CF59259dd52478c_1-row-1\"  class=\"row  first_row\"><div  class=\"col-sm-12  single\"><\/div><\/div><div id=\"CF59259dd52478c_1-row-2\"  class=\"row \"><div  class=\"col-sm-4  first_col\"><div data-field-wrapper=\"fld_8768091\" class=\"form-group\" id=\"fld_8768091_1-wrap\">\r\n\t<label id=\"fld_8768091Label\" for=\"fld_8768091_1\" class=\"control-label\">Pr\u00e9nom <span aria-hidden=\"true\" role=\"presentation\" class=\"field_required\" style=\"color:#ee0000;\">*<\/span><\/label>\r\n\t<div class=\"\">\r\n\t\t<input   required type=\"text\" data-field=\"fld_8768091\" class=\" form-control\" id=\"fld_8768091_1\" name=\"fld_8768091\" value=\"\" data-type=\"text\" aria-required=\"true\"   aria-labelledby=\"fld_8768091Label\" >\t\t\t<\/div>\r\n<\/div>\r\n<div data-field-wrapper=\"fld_9970286\" class=\"form-group\" id=\"fld_9970286_1-wrap\">\r\n\t<label id=\"fld_9970286Label\" for=\"fld_9970286_1\" class=\"control-label\">Nom <span aria-hidden=\"true\" role=\"presentation\" class=\"field_required\" style=\"color:#ee0000;\">*<\/span><\/label>\r\n\t<div class=\"\">\r\n\t\t<input   required type=\"text\" data-field=\"fld_9970286\" class=\" form-control\" id=\"fld_9970286_1\" name=\"fld_9970286\" value=\"\" data-type=\"text\" aria-required=\"true\"   aria-labelledby=\"fld_9970286Label\" >\t\t\t<\/div>\r\n<\/div>\r\n<\/div><div  class=\"col-sm-4 \"><div data-field-wrapper=\"fld_6009157\" class=\"form-group\" id=\"fld_6009157_1-wrap\">\r\n\t<label id=\"fld_6009157Label\" for=\"fld_6009157_1\" class=\"control-label\">Email <span aria-hidden=\"true\" role=\"presentation\" class=\"field_required\" style=\"color:#ee0000;\">*<\/span><\/label>\r\n\t<div class=\"\">\r\n\t\t<input   required type=\"email\" data-field=\"fld_6009157\" class=\" form-control\" id=\"fld_6009157_1\" name=\"fld_6009157\" value=\"\" data-type=\"email\" aria-required=\"true\"   aria-labelledby=\"fld_6009157Label\" >\t\t\t<\/div>\r\n<\/div>\r\n<div data-field-wrapper=\"fld_776212\" class=\"form-group\" id=\"fld_776212_1-wrap\">\r\n\t<label id=\"fld_776212Label\" for=\"fld_776212_1\" class=\"control-label\">Num\u00e9ro de t\u00e9l\u00e9phone <span aria-hidden=\"true\" role=\"presentation\" class=\"field_required\" style=\"color:#ee0000;\">*<\/span><\/label>\r\n\t<div class=\"\">\r\n\t\t<input  data-inputmask=\"'mask': '+99 999 99 99 99'\"  required type=\"phone\" data-field=\"fld_776212\" class=\" form-control\" id=\"fld_776212_1\" name=\"fld_776212\" value=\"\" data-type=\"phone\" aria-required=\"true\"   aria-labelledby=\"fld_776212Label\" >\t\t\t<\/div>\r\n<\/div>\r\n<\/div><div  class=\"col-sm-4  last_col\"><\/div><\/div><div id=\"CF59259dd52478c_1-row-3\"  class=\"row \"><div  class=\"col-sm-12  single\"><div data-field-wrapper=\"fld_7683514\" class=\"form-group\" id=\"fld_7683514_1-wrap\">\r\n\t<label id=\"fld_7683514Label\" for=\"fld_7683514_1\" class=\"control-label\">Message <span aria-hidden=\"true\" role=\"presentation\" class=\"field_required\" style=\"color:#ee0000;\">*<\/span><\/label>\r\n\t<div class=\"\">\r\n\t\t<textarea name=\"fld_7683514\" value=\"\" data-field=\"fld_7683514\" class=\"form-control\" id=\"fld_7683514_1\" rows=\"7\"  required=\"required\"  aria-labelledby=\"fld_7683514Label\" ><\/textarea>\n\t\t\t<\/div>\r\n<\/div>\r\n<\/div><\/div><div id=\"CF59259dd52478c_1-row-4\"  class=\"row  last_row\"><div  class=\"col-sm-12  single\"><div data-field-wrapper=\"fld_7908577\" class=\"form-group\" id=\"fld_7908577_1-wrap\">\r\n<div class=\"\">\r\n\t<input  class=\"btn btn-default\" type=\"submit\" name=\"fld_7908577\" id=\"fld_7908577_1\" value=\"Envoyer\" data-field=\"fld_7908577\"  >\n<\/div>\r\n<\/div>\r\n\t<input class=\"button_trigger_1\" type=\"hidden\" name=\"fld_7908577\" id=\"fld_7908577_1_btn\" value=\"\" data-field=\"fld_7908577\"  \/>\n<\/div><\/div><\/form>\r\n<\/div>\r\n<\/p>\n\t\t\t\t\t\t\t\t<\/div>\n\t\t\t\t<\/div>\n\t\t\t\t\t<\/div>\n\t\t<\/div>\n\t\t\t\t\t<\/div>\n\t\t<\/section>\n\t\t\t\t<\/div>\n\t\t","protected":false},"excerpt":{"rendered":"<p>\u2714 Projecten in eigen promotie \u2714 Ruwbouw \u00e9n volledige afwerking \u2714 Milieubewust beleid Bent u op zoek naar een specialist in projectontwikkeling in Gent of elders in Oost-Vlaanderen? Dan kunt u rekenen op het team van K &amp; W Construction, gevestigd in Wortegem-Petegem. Wij beschikken over een team van meer dan 50 mensen om zo [&hellip;]<\/p>\n","protected":false},"author":9,"featured_media":0,"parent":0,"menu_order":0,"comment_status":"closed","ping_status":"closed","template":"","meta":{"inline_featured_image":false,"_monsterinsights_skip_tracking":false,"_monsterinsights_sitenote_active":false,"_monsterinsights_sitenote_note":"","_monsterinsights_sitenote_category":0,"footnotes":"","_links_to":"","_links_to_target":""},"yoast_head":"<!-- This site is optimized with the Yoast SEO plugin v24.4 - https:\/\/yoast.com\/wordpress\/plugins\/seo\/ -->\n<title>- Projectontwikkeling Gent<\/title>\n<meta name=\"description\" content=\"Projectontwikkeling in Gent of ergens anders in Oost-Vlaanderen kan via ons aannemersbedrijf. Heeft u interesse? Contacteer ons vandaag nog.\" \/>\n<meta name=\"robots\" content=\"index, follow, max-snippet:-1, max-image-preview:large, max-video-preview:-1\" \/>\n<link rel=\"canonical\" href=\"https:\/\/kwconstruction.be\/fr\/projectontwikkeling-gent\/\" \/>\n<meta property=\"og:locale\" content=\"fr_FR\" \/>\n<meta property=\"og:type\" content=\"article\" \/>\n<meta property=\"og:title\" content=\"- Projectontwikkeling Gent\" \/>\n<meta property=\"og:description\" content=\"Projectontwikkeling in Gent of ergens anders in Oost-Vlaanderen kan via ons aannemersbedrijf. Heeft u interesse? Contacteer ons vandaag nog.\" \/>\n<meta property=\"og:url\" content=\"https:\/\/kwconstruction.be\/fr\/projectontwikkeling-gent\/\" \/>\n<meta property=\"og:site_name\" content=\"K&amp;W Construction\" \/>\n<meta property=\"article:publisher\" content=\"https:\/\/www.facebook.com\/KW-Construction-1697933373801435\/\" \/>\n<meta property=\"article:modified_time\" content=\"2023-09-12T13:20:41+00:00\" \/>\n<meta property=\"og:image\" content=\"https:\/\/kwconstruction.be\/wp-content\/uploads\/2017\/09\/Beeld-30-05-2022-10-19-57-1-1024x576.jpeg\" \/>\n<meta name=\"twitter:card\" content=\"summary_large_image\" \/>\n<meta name=\"twitter:label1\" content=\"Dur\u00e9e de lecture est.\" \/>\n\t<meta name=\"twitter:data1\" content=\"2 minutes\" \/>\n<script type=\"application\/ld+json\" class=\"yoast-schema-graph\">{\"@context\":\"https:\/\/schema.org\",\"@graph\":[{\"@type\":\"WebPage\",\"@id\":\"https:\/\/kwconstruction.be\/fr\/projectontwikkeling-gent\/\",\"url\":\"https:\/\/kwconstruction.be\/fr\/projectontwikkeling-gent\/\",\"name\":\"- Projectontwikkeling Gent\",\"isPartOf\":{\"@id\":\"https:\/\/kwconstruction.be\/fr\/#website\"},\"primaryImageOfPage\":{\"@id\":\"https:\/\/kwconstruction.be\/fr\/projectontwikkeling-gent\/#primaryimage\"},\"image\":{\"@id\":\"https:\/\/kwconstruction.be\/fr\/projectontwikkeling-gent\/#primaryimage\"},\"thumbnailUrl\":\"https:\/\/kwconstruction.be\/wp-content\/uploads\/2017\/09\/Beeld-30-05-2022-10-19-57-1-1024x576.jpeg\",\"datePublished\":\"2023-07-14T08:34:33+00:00\",\"dateModified\":\"2023-09-12T13:20:41+00:00\",\"description\":\"Projectontwikkeling in Gent of ergens anders in Oost-Vlaanderen kan via ons aannemersbedrijf. Heeft u interesse? Contacteer ons vandaag nog.\",\"breadcrumb\":{\"@id\":\"https:\/\/kwconstruction.be\/fr\/projectontwikkeling-gent\/#breadcrumb\"},\"inLanguage\":\"fr-BE\",\"potentialAction\":[{\"@type\":\"ReadAction\",\"target\":[\"https:\/\/kwconstruction.be\/fr\/projectontwikkeling-gent\/\"]}]},{\"@type\":\"ImageObject\",\"inLanguage\":\"fr-BE\",\"@id\":\"https:\/\/kwconstruction.be\/fr\/projectontwikkeling-gent\/#primaryimage\",\"url\":\"https:\/\/kwconstruction.be\/wp-content\/uploads\/2017\/09\/Beeld-30-05-2022-10-19-57-1-1024x576.jpeg\",\"contentUrl\":\"https:\/\/kwconstruction.be\/wp-content\/uploads\/2017\/09\/Beeld-30-05-2022-10-19-57-1-1024x576.jpeg\"},{\"@type\":\"BreadcrumbList\",\"@id\":\"https:\/\/kwconstruction.be\/fr\/projectontwikkeling-gent\/#breadcrumb\",\"itemListElement\":[{\"@type\":\"ListItem\",\"position\":1,\"name\":\"Home\",\"item\":\"https:\/\/kwconstruction.be\/fr\/\"},{\"@type\":\"ListItem\",\"position\":2,\"name\":\"Projectontwikkeling Gent\"}]},{\"@type\":\"WebSite\",\"@id\":\"https:\/\/kwconstruction.be\/fr\/#website\",\"url\":\"https:\/\/kwconstruction.be\/fr\/\",\"name\":\"K&W Construction\",\"description\":\"Bouwonderneming\",\"publisher\":{\"@id\":\"https:\/\/kwconstruction.be\/fr\/#organization\"},\"potentialAction\":[{\"@type\":\"SearchAction\",\"target\":{\"@type\":\"EntryPoint\",\"urlTemplate\":\"https:\/\/kwconstruction.be\/fr\/?s={search_term_string}\"},\"query-input\":{\"@type\":\"PropertyValueSpecification\",\"valueRequired\":true,\"valueName\":\"search_term_string\"}}],\"inLanguage\":\"fr-BE\"},{\"@type\":\"Organization\",\"@id\":\"https:\/\/kwconstruction.be\/fr\/#organization\",\"name\":\"K&W Construction\",\"url\":\"https:\/\/kwconstruction.be\/fr\/\",\"logo\":{\"@type\":\"ImageObject\",\"inLanguage\":\"fr-BE\",\"@id\":\"https:\/\/kwconstruction.be\/fr\/#\/schema\/logo\/image\/\",\"url\":\"https:\/\/kwconstruction.be\/wp-content\/uploads\/2019\/01\/KW_logo.png\",\"contentUrl\":\"https:\/\/kwconstruction.be\/wp-content\/uploads\/2019\/01\/KW_logo.png\",\"width\":1200,\"height\":758,\"caption\":\"K&W Construction\"},\"image\":{\"@id\":\"https:\/\/kwconstruction.be\/fr\/#\/schema\/logo\/image\/\"},\"sameAs\":[\"https:\/\/www.facebook.com\/KW-Construction-1697933373801435\/\",\"https:\/\/www.linkedin.com\/company\/kwconstruction-nv\/\",\"https:\/\/www.youtube.com\/channel\/UCHxiVGvv7VdBQJ4NTgpOhdQ\"]}]}<\/script>\n<!-- \/ Yoast SEO plugin. -->","yoast_head_json":{"title":"- Projectontwikkeling Gent","description":"Projectontwikkeling in Gent of ergens anders in Oost-Vlaanderen kan via ons aannemersbedrijf. Heeft u interesse? Contacteer ons vandaag nog.","robots":{"index":"index","follow":"follow","max-snippet":"max-snippet:-1","max-image-preview":"max-image-preview:large","max-video-preview":"max-video-preview:-1"},"canonical":"https:\/\/kwconstruction.be\/fr\/projectontwikkeling-gent\/","og_locale":"fr_FR","og_type":"article","og_title":"- Projectontwikkeling Gent","og_description":"Projectontwikkeling in Gent of ergens anders in Oost-Vlaanderen kan via ons aannemersbedrijf. Heeft u interesse? Contacteer ons vandaag nog.","og_url":"https:\/\/kwconstruction.be\/fr\/projectontwikkeling-gent\/","og_site_name":"K&amp;W Construction","article_publisher":"https:\/\/www.facebook.com\/KW-Construction-1697933373801435\/","article_modified_time":"2023-09-12T13:20:41+00:00","og_image":[{"url":"https:\/\/kwconstruction.be\/wp-content\/uploads\/2017\/09\/Beeld-30-05-2022-10-19-57-1-1024x576.jpeg","type":"","width":"","height":""}],"twitter_card":"summary_large_image","twitter_misc":{"Dur\u00e9e de lecture est.":"2 minutes"},"schema":{"@context":"https:\/\/schema.org","@graph":[{"@type":"WebPage","@id":"https:\/\/kwconstruction.be\/fr\/projectontwikkeling-gent\/","url":"https:\/\/kwconstruction.be\/fr\/projectontwikkeling-gent\/","name":"- Projectontwikkeling Gent","isPartOf":{"@id":"https:\/\/kwconstruction.be\/fr\/#website"},"primaryImageOfPage":{"@id":"https:\/\/kwconstruction.be\/fr\/projectontwikkeling-gent\/#primaryimage"},"image":{"@id":"https:\/\/kwconstruction.be\/fr\/projectontwikkeling-gent\/#primaryimage"},"thumbnailUrl":"https:\/\/kwconstruction.be\/wp-content\/uploads\/2017\/09\/Beeld-30-05-2022-10-19-57-1-1024x576.jpeg","datePublished":"2023-07-14T08:34:33+00:00","dateModified":"2023-09-12T13:20:41+00:00","description":"Projectontwikkeling in Gent of ergens anders in Oost-Vlaanderen kan via ons aannemersbedrijf. Heeft u interesse? Contacteer ons vandaag nog.","breadcrumb":{"@id":"https:\/\/kwconstruction.be\/fr\/projectontwikkeling-gent\/#breadcrumb"},"inLanguage":"fr-BE","potentialAction":[{"@type":"ReadAction","target":["https:\/\/kwconstruction.be\/fr\/projectontwikkeling-gent\/"]}]},{"@type":"ImageObject","inLanguage":"fr-BE","@id":"https:\/\/kwconstruction.be\/fr\/projectontwikkeling-gent\/#primaryimage","url":"https:\/\/kwconstruction.be\/wp-content\/uploads\/2017\/09\/Beeld-30-05-2022-10-19-57-1-1024x576.jpeg","contentUrl":"https:\/\/kwconstruction.be\/wp-content\/uploads\/2017\/09\/Beeld-30-05-2022-10-19-57-1-1024x576.jpeg"},{"@type":"BreadcrumbList","@id":"https:\/\/kwconstruction.be\/fr\/projectontwikkeling-gent\/#breadcrumb","itemListElement":[{"@type":"ListItem","position":1,"name":"Home","item":"https:\/\/kwconstruction.be\/fr\/"},{"@type":"ListItem","position":2,"name":"Projectontwikkeling Gent"}]},{"@type":"WebSite","@id":"https:\/\/kwconstruction.be\/fr\/#website","url":"https:\/\/kwconstruction.be\/fr\/","name":"K&W Construction","description":"Bouwonderneming","publisher":{"@id":"https:\/\/kwconstruction.be\/fr\/#organization"},"potentialAction":[{"@type":"SearchAction","target":{"@type":"EntryPoint","urlTemplate":"https:\/\/kwconstruction.be\/fr\/?s={search_term_string}"},"query-input":{"@type":"PropertyValueSpecification","valueRequired":true,"valueName":"search_term_string"}}],"inLanguage":"fr-BE"},{"@type":"Organization","@id":"https:\/\/kwconstruction.be\/fr\/#organization","name":"K&W Construction","url":"https:\/\/kwconstruction.be\/fr\/","logo":{"@type":"ImageObject","inLanguage":"fr-BE","@id":"https:\/\/kwconstruction.be\/fr\/#\/schema\/logo\/image\/","url":"https:\/\/kwconstruction.be\/wp-content\/uploads\/2019\/01\/KW_logo.png","contentUrl":"https:\/\/kwconstruction.be\/wp-content\/uploads\/2019\/01\/KW_logo.png","width":1200,"height":758,"caption":"K&W Construction"},"image":{"@id":"https:\/\/kwconstruction.be\/fr\/#\/schema\/logo\/image\/"},"sameAs":["https:\/\/www.facebook.com\/KW-Construction-1697933373801435\/","https:\/\/www.linkedin.com\/company\/kwconstruction-nv\/","https:\/\/www.youtube.com\/channel\/UCHxiVGvv7VdBQJ4NTgpOhdQ"]}]}},"_links":{"self":[{"href":"https:\/\/kwconstruction.be\/fr\/wp-json\/wp\/v2\/pages\/7855"}],"collection":[{"href":"https:\/\/kwconstruction.be\/fr\/wp-json\/wp\/v2\/pages"}],"about":[{"href":"https:\/\/kwconstruction.be\/fr\/wp-json\/wp\/v2\/types\/page"}],"author":[{"embeddable":true,"href":"https:\/\/kwconstruction.be\/fr\/wp-json\/wp\/v2\/users\/9"}],"replies":[{"embeddable":true,"href":"https:\/\/kwconstruction.be\/fr\/wp-json\/wp\/v2\/comments?post=7855"}],"version-history":[{"count":22,"href":"https:\/\/kwconstruction.be\/fr\/wp-json\/wp\/v2\/pages\/7855\/revisions"}],"predecessor-version":[{"id":7933,"href":"https:\/\/kwconstruction.be\/fr\/wp-json\/wp\/v2\/pages\/7855\/revisions\/7933"}],"wp:attachment":[{"href":"https:\/\/kwconstruction.be\/fr\/wp-json\/wp\/v2\/media?parent=7855"}],"curies":[{"name":"wp","href":"https:\/\/api.w.org\/{rel}","templated":true}]}}